{"id":76,"date":"2024-12-06T11:21:55","date_gmt":"2024-12-06T10:21:55","guid":{"rendered":"https:\/\/libertepourjacques.com\/?page_id=76"},"modified":"2025-05-11T06:47:43","modified_gmt":"2025-05-11T04:47:43","slug":"le-comite","status":"publish","type":"page","link":"https:\/\/libertepourjacques.com\/index.php\/le-comite\/","title":{"rendered":"Le comit\u00e9"},"content":{"rendered":"\n<p class=\"has-foreground-color has-text-color has-link-color has-medium-font-size wp-elements-94f82a86c4c6de16c002d156c3463986\">Le 7 mai 2022, Jacques Paris et sa compagne C\u00e9cile Kohler ont \u00e9t\u00e9 arr\u00eat\u00e9s \u00e0 l&rsquo;a\u00e9roport de T\u00e9h\u00e9ran alors qu&rsquo;ils finissaient leurs vacances touristiques en Iran. Apr\u00e8s cinq mois de silence, le gouvernement iranien annonce leur arrestation. Plus de six mois apr\u00e8s leur arrestation, ils re\u00e7oivent pendant 10 minutes la premi\u00e8re visite de l&rsquo;ambassadeur.<\/p>\n\n\n\n<p class=\"has-foreground-color has-text-color has-link-color has-medium-font-size wp-elements-b99cef3e79983e97dd9d162aa2cd4dd5\">Le 19 janvier 2023, le comit\u00e9 s&rsquo;est constitu\u00e9 autour des amis et coll\u00e8gues que Jacques a connus au Lyc\u00e9e Clemenceau de Nantes o\u00f9 il fut \u00e9l\u00e8ve et professeur.<\/p>\n\n\n\n<p class=\"has-foreground-color has-text-color has-link-color has-medium-font-size wp-elements-071240ef2ebca4c1bec413bb58c035b2\">En contact direct avec la famille de Jacques, nous travaillons aussi avec le comit\u00e9 de soutien de C\u00e9cile Kohler sa compagne.<\/p>\n\n\n\n<p class=\"has-foreground-color has-text-color has-link-color has-medium-font-size wp-elements-73c229ab743fd56deeabe525aec513c7\">Nous pensons tr\u00e8s fort \u00e0 Jacques notre coll\u00e8gue et ami et \u00e0 C\u00e9cile sa compagne, ainsi qu&rsquo;\u00e0 leurs familles.<\/p>\n\n\n\n<figure class=\"wp-block-image aligncenter size-full is-resized\"><img loading=\"lazy\" decoding=\"async\" width=\"630\" height=\"354\" src=\"https:\/\/libertepourjacques.com\/wp-content\/uploads\/2024\/12\/MjAyNDAzMmUyYTc5M2MyNWViMTVmMDEyOWRlYzhiMGQzNTljZTc.jpg\" alt=\"\" class=\"wp-image-170\" style=\"aspect-ratio:1.7777777777777777;object-fit:cover;width:713px;height:auto\" srcset=\"https:\/\/libertepourjacques.com\/wp-content\/uploads\/2024\/12\/MjAyNDAzMmUyYTc5M2MyNWViMTVmMDEyOWRlYzhiMGQzNTljZTc.jpg 630w, https:\/\/libertepourjacques.com\/wp-content\/uploads\/2024\/12\/MjAyNDAzMmUyYTc5M2MyNWViMTVmMDEyOWRlYzhiMGQzNTljZTc-300x169.jpg 300w\" sizes=\"auto, (max-width: 630px) 100vw, 630px\" \/><\/figure>\n\n\n\n<p>1re r\u00e9union du comit\u00e9 en mars 2023<\/p>\n\n\n\n<figure class=\"wp-block-gallery has-nested-images columns-default is-cropped wp-block-gallery-1 is-layout-flex wp-block-gallery-is-layout-flex\">\n<figure class=\"wp-block-image size-large\"><img loading=\"lazy\" decoding=\"async\" width=\"1024\" height=\"610\" data-id=\"148\" src=\"https:\/\/libertepourjacques.com\/wp-content\/uploads\/2024\/12\/2024-11-26-Reunion-Manu-IMG_5659-scaled-e1733479520343-1024x610.jpg\" alt=\"r\u00e9union du comit\u00e9 en pr\u00e9sence d'Anne Laure le 26 novembe 2024\" class=\"wp-image-148\" srcset=\"https:\/\/libertepourjacques.com\/wp-content\/uploads\/2024\/12\/2024-11-26-Reunion-Manu-IMG_5659-scaled-e1733479520343-1024x610.jpg 1024w, https:\/\/libertepourjacques.com\/wp-content\/uploads\/2024\/12\/2024-11-26-Reunion-Manu-IMG_5659-scaled-e1733479520343-300x179.jpg 300w, https:\/\/libertepourjacques.com\/wp-content\/uploads\/2024\/12\/2024-11-26-Reunion-Manu-IMG_5659-scaled-e1733479520343-768x457.jpg 768w, https:\/\/libertepourjacques.com\/wp-content\/uploads\/2024\/12\/2024-11-26-Reunion-Manu-IMG_5659-scaled-e1733479520343-1536x914.jpg 1536w, https:\/\/libertepourjacques.com\/wp-content\/uploads\/2024\/12\/2024-11-26-Reunion-Manu-IMG_5659-scaled-e1733479520343-2048x1219.jpg 2048w, https:\/\/libertepourjacques.com\/wp-content\/uploads\/2024\/12\/2024-11-26-Reunion-Manu-IMG_5659-scaled-e1733479520343-1170x696.jpg 1170w\" sizes=\"auto, (max-width: 1024px) 100vw, 1024px\" \/><\/figure>\n\n\n\n<figure class=\"wp-block-image size-large\"><img loading=\"lazy\" decoding=\"async\" width=\"1024\" height=\"551\" data-id=\"146\" src=\"https:\/\/libertepourjacques.com\/wp-content\/uploads\/2024\/12\/2024-11-26-Reunion-Manu-IMG_5657-scaled-e1733479713869-1024x551.jpg\" alt=\"\" class=\"wp-image-146\" srcset=\"https:\/\/libertepourjacques.com\/wp-content\/uploads\/2024\/12\/2024-11-26-Reunion-Manu-IMG_5657-scaled-e1733479713869-1024x551.jpg 1024w, https:\/\/libertepourjacques.com\/wp-content\/uploads\/2024\/12\/2024-11-26-Reunion-Manu-IMG_5657-scaled-e1733479713869-300x161.jpg 300w, https:\/\/libertepourjacques.com\/wp-content\/uploads\/2024\/12\/2024-11-26-Reunion-Manu-IMG_5657-scaled-e1733479713869-768x413.jpg 768w, https:\/\/libertepourjacques.com\/wp-content\/uploads\/2024\/12\/2024-11-26-Reunion-Manu-IMG_5657-scaled-e1733479713869-1536x827.jpg 1536w, https:\/\/libertepourjacques.com\/wp-content\/uploads\/2024\/12\/2024-11-26-Reunion-Manu-IMG_5657-scaled-e1733479713869-2048x1102.jpg 2048w, https:\/\/libertepourjacques.com\/wp-content\/uploads\/2024\/12\/2024-11-26-Reunion-Manu-IMG_5657-scaled-e1733479713869-1170x630.jpg 1170w\" sizes=\"auto, (max-width: 1024px) 100vw, 1024px\" \/><\/figure>\n<\/figure>\n\n\n\n<p>R\u00e9union du comit\u00e9 le 26 novembre 2024<\/p>\n\n\n\n<div class=\"wp-block-buttons is-content-justification-center is-layout-flex wp-container-core-buttons-is-layout-a89b3969 wp-block-buttons-is-layout-flex\">\n<div class=\"wp-block-button\"><a class=\"wp-block-button__link wp-element-button\">Visitez le site du \u00ab\u00a0comit\u00e9 libert\u00e9 pour C\u00e9cile\u00a0\u00bb<\/a><\/div>\n<\/div>\n","protected":false},"excerpt":{"rendered":"<p>Le 7 mai 2022, Jacques Paris et sa compagne C\u00e9cile Kohler ont \u00e9t\u00e9 arr\u00eat\u00e9s \u00e0 l&rsquo;a\u00e9roport de T\u00e9h\u00e9ran alors qu&rsquo;ils finissaient leurs vacances touristiques en Iran. Apr\u00e8s cinq mois de silence, le gouvernement iranien annonce leur arrestation. Plus de six mois apr\u00e8s leur arrestation, ils re\u00e7oivent pendant 10 minutes la premi\u00e8re visite de l&rsquo;ambassadeur. Le [&hellip;]<\/p>\n","protected":false},"author":1,"featured_media":0,"parent":0,"menu_order":0,"comment_status":"closed","ping_status":"closed","template":"","meta":{"footnotes":""},"class_list":["post-76","page","type-page","status-publish","hentry"],"_links":{"self":[{"href":"https:\/\/libertepourjacques.com\/index.php\/wp-json\/wp\/v2\/pages\/76","targetHints":{"allow":["GET"]}}],"collection":[{"href":"https:\/\/libertepourjacques.com\/index.php\/wp-json\/wp\/v2\/pages"}],"about":[{"href":"https:\/\/libertepourjacques.com\/index.php\/wp-json\/wp\/v2\/types\/page"}],"author":[{"embeddable":true,"href":"https:\/\/libertepourjacques.com\/index.php\/wp-json\/wp\/v2\/users\/1"}],"replies":[{"embeddable":true,"href":"https:\/\/libertepourjacques.com\/index.php\/wp-json\/wp\/v2\/comments?post=76"}],"version-history":[{"count":18,"href":"https:\/\/libertepourjacques.com\/index.php\/wp-json\/wp\/v2\/pages\/76\/revisions"}],"predecessor-version":[{"id":481,"href":"https:\/\/libertepourjacques.com\/index.php\/wp-json\/wp\/v2\/pages\/76\/revisions\/481"}],"wp:attachment":[{"href":"https:\/\/libertepourjacques.com\/index.php\/wp-json\/wp\/v2\/media?parent=76"}],"curies":[{"name":"wp","href":"https:\/\/api.w.org\/{rel}","templated":true}]}}